{"id":19,"date":"2025-06-24T00:59:22","date_gmt":"2025-06-24T00:59:22","guid":{"rendered":"https:\/\/meumoney.club\/?page_id=19"},"modified":"2026-01-06T15:00:12","modified_gmt":"2026-01-06T18:00:12","slug":"home","status":"publish","type":"page","link":"https:\/\/meumoney.club\/","title":{"rendered":"Home"},"content":{"rendered":"\t\t<div data-elementor-type=\"wp-page\" data-elementor-id=\"19\" class=\"elementor elementor-19\" data-elementor-post-type=\"page\">\n\t\t\t\t<div class=\"elementor-element elementor-element-79b6c418 e-flex e-con-boxed e-con e-parent\" data-id=\"79b6c418\" data-element_type=\"container\" data-settings=\"{&quot;background_background&quot;:&quot;classic&quot;}\">\n\t\t\t\t\t<div class=\"e-con-inner\">\n\t\t\t\t\t<\/div>\n\t\t\t\t<\/div>\n\t\t<div class=\"elementor-element elementor-element-482c53 e-flex e-con-boxed e-con e-parent\" data-id=\"482c53\" data-element_type=\"container\" data-settings=\"{&quot;background_background&quot;:&quot;classic&quot;}\">\n\t\t\t\t\t<div class=\"e-con-inner\">\n\t\t\t\t<div class=\"elementor-element elementor-element-87081a7 elementor-widget elementor-widget-image\" data-id=\"87081a7\" data-element_type=\"widget\" data-widget_type=\"image.default\">\n\t\t\t\t\t\t\t\t\t\t\t\t\t\t\t<img decoding=\"async\" width=\"203\" height=\"44\" src=\"https:\/\/meumoney.club\/wp-content\/uploads\/2025\/06\/logo-meu-money.svg\" class=\"attachment-large size-large wp-image-10\" alt=\"\" \/>\t\t\t\t\t\t\t\t\t\t\t\t\t\t\t<\/div>\n\t\t\t\t<div class=\"elementor-element elementor-element-4d1f1f83 elementor-align-justify elementor-widget__width-initial elementor-widget elementor-widget-button\" data-id=\"4d1f1f83\" data-element_type=\"widget\" data-widget_type=\"button.default\">\n\t\t\t\t\t\t\t\t\t\t<a class=\"elementor-button elementor-button-link elementor-size-sm\" href=\"https:\/\/pay.hotmart.com\/A103681980L\">\n\t\t\t\t\t\t<span class=\"elementor-button-content-wrapper\">\n\t\t\t\t\t\t\t\t\t<span class=\"elementor-button-text\">Comprar Ebook<\/span>\n\t\t\t\t\t<\/span>\n\t\t\t\t\t<\/a>\n\t\t\t\t\t\t\t\t<\/div>\n\t\t\t\t\t<\/div>\n\t\t\t\t<\/div>\n\t\t<div class=\"elementor-element elementor-element-416c6005 e-flex e-con-boxed e-con e-parent\" data-id=\"416c6005\" data-element_type=\"container\" data-settings=\"{&quot;background_background&quot;:&quot;classic&quot;}\">\n\t\t\t\t\t<div class=\"e-con-inner\">\n\t\t<div class=\"elementor-element elementor-element-2161ef0 e-con-full e-flex e-con e-child\" data-id=\"2161ef0\" data-element_type=\"container\">\n\t\t\t\t<div class=\"elementor-element elementor-element-2fad9845 elementor-widget elementor-widget-heading\" data-id=\"2fad9845\" data-element_type=\"widget\" data-widget_type=\"heading.default\">\n\t\t\t\t\t<p class=\"elementor-heading-title elementor-size-default\">Bem vindos ao meu money<\/p>\t\t\t\t<\/div>\n\t\t\t\t<div class=\"elementor-element elementor-element-48f00e83 elementor-widget elementor-widget-heading\" data-id=\"48f00e83\" data-element_type=\"widget\" data-widget_type=\"heading.default\">\n\t\t\t\t\t<h1 class=\"elementor-heading-title elementor-size-default\">Ensine seus filhos\nsobre dinheiro em\npoucas semanas<\/h1>\t\t\t\t<\/div>\n\t\t\t\t<div class=\"elementor-element elementor-element-673c9987 elementor-widget elementor-widget-text-editor\" data-id=\"673c9987\" data-element_type=\"widget\" data-widget_type=\"text-editor.default\">\n\t\t\t\t\t\t\t\t\t<p>Nosso ebook tem como objetivo apresentar conceitos essenciais de forma l\u00fadica e acess\u00edvel, para que as crian\u00e7as possam entender a import\u00e2ncia do dinheiro e como administr\u00e1-lo.<\/p>\t\t\t\t\t\t\t\t<\/div>\n\t\t\t\t<div class=\"elementor-element elementor-element-24fa568e elementor-align-justify elementor-widget__width-initial elementor-widget elementor-widget-button\" data-id=\"24fa568e\" data-element_type=\"widget\" data-widget_type=\"button.default\">\n\t\t\t\t\t\t\t\t\t\t<a class=\"elementor-button elementor-button-link elementor-size-sm\" href=\"https:\/\/pay.hotmart.com\/A103681980L\">\n\t\t\t\t\t\t<span class=\"elementor-button-content-wrapper\">\n\t\t\t\t\t\t\t\t\t<span class=\"elementor-button-text\">Comprar Ebook<\/span>\n\t\t\t\t\t<\/span>\n\t\t\t\t\t<\/a>\n\t\t\t\t\t\t\t\t<\/div>\n\t\t\t\t<\/div>\n\t\t\t\t<div class=\"elementor-element elementor-element-48abd140 elementor-widget elementor-widget-image\" data-id=\"48abd140\" data-element_type=\"widget\" data-widget_type=\"image.default\">\n\t\t\t\t\t\t\t\t\t\t\t\t\t\t\t<img fetchpriority=\"high\" decoding=\"async\" width=\"1766\" height=\"1378\" src=\"https:\/\/meumoney.club\/wp-content\/uploads\/2025\/06\/51.png\" class=\"attachment-full size-full wp-image-11\" alt=\"\" srcset=\"https:\/\/meumoney.club\/wp-content\/uploads\/2025\/06\/51.png 1766w, https:\/\/meumoney.club\/wp-content\/uploads\/2025\/06\/51-300x234.png 300w, https:\/\/meumoney.club\/wp-content\/uploads\/2025\/06\/51-1024x799.png 1024w, https:\/\/meumoney.club\/wp-content\/uploads\/2025\/06\/51-768x599.png 768w, https:\/\/meumoney.club\/wp-content\/uploads\/2025\/06\/51-1536x1199.png 1536w\" sizes=\"(max-width: 1766px) 100vw, 1766px\" \/>\t\t\t\t\t\t\t\t\t\t\t\t\t\t\t<\/div>\n\t\t\t\t\t<\/div>\n\t\t\t\t<\/div>\n\t\t<div class=\"elementor-element elementor-element-31f6282f e-flex e-con-boxed e-con e-parent\" data-id=\"31f6282f\" data-element_type=\"container\" data-settings=\"{&quot;background_background&quot;:&quot;classic&quot;}\">\n\t\t\t\t\t<div class=\"e-con-inner\">\n\t\t\t\t<div class=\"elementor-element elementor-element-21418185 elementor-widget__width-initial elementor-widget elementor-widget-heading\" data-id=\"21418185\" data-element_type=\"widget\" data-widget_type=\"heading.default\">\n\t\t\t\t\t<h2 class=\"elementor-heading-title elementor-size-default\">Entender sobre dinheiro pode mudar totalmente o futuro financeiro das  nossas crian\u00e7as.<\/h2>\t\t\t\t<\/div>\n\t\t<div class=\"elementor-element elementor-element-510efa6d e-con-full e-flex e-con e-child\" data-id=\"510efa6d\" data-element_type=\"container\">\n\t\t\t\t<div class=\"elementor-element elementor-element-6be03d98 elementor-widget elementor-widget-text-editor\" data-id=\"6be03d98\" data-element_type=\"widget\" data-widget_type=\"text-editor.default\">\n\t\t\t\t\t\t\t\t\t<p>O projeto nasceu com a ideia de impactar positivamente o mundo e, principalmente, as novas gera\u00e7\u00f5es. Acreditamos que a escassez e a pobreza s\u00e3o reflexos da falta de conhecimento que as pessoas t\u00eam sobre o dinheiro e prosperidade. Isso, querendo ou n\u00e3o, muitas vezes \u00e9 passado de gera\u00e7\u00e3o em gera\u00e7\u00e3o, deixando um rastro negativo sobre finan\u00e7as.<\/p>\t\t\t\t\t\t\t\t<\/div>\n\t\t\t\t<div class=\"elementor-element elementor-element-6d417828 elementor-align-justify elementor-widget__width-initial elementor-widget elementor-widget-button\" data-id=\"6d417828\" data-element_type=\"widget\" data-widget_type=\"button.default\">\n\t\t\t\t\t\t\t\t\t\t<a class=\"elementor-button elementor-button-link elementor-size-sm\" href=\"https:\/\/pay.hotmart.com\/A103681980L\">\n\t\t\t\t\t\t<span class=\"elementor-button-content-wrapper\">\n\t\t\t\t\t\t\t\t\t<span class=\"elementor-button-text\">Comprar Ebook<\/span>\n\t\t\t\t\t<\/span>\n\t\t\t\t\t<\/a>\n\t\t\t\t\t\t\t\t<\/div>\n\t\t\t\t<\/div>\n\t\t\t\t\t<\/div>\n\t\t\t\t<\/div>\n\t\t<div class=\"elementor-element elementor-element-11eda67 e-flex e-con-boxed e-con e-parent\" data-id=\"11eda67\" data-element_type=\"container\" data-settings=\"{&quot;background_background&quot;:&quot;classic&quot;}\">\n\t\t\t\t\t<div class=\"e-con-inner\">\n\t\t<div class=\"elementor-element elementor-element-70662efd e-con-full e-flex e-con e-child\" data-id=\"70662efd\" data-element_type=\"container\">\n\t\t\t\t<div class=\"elementor-element elementor-element-5121283c elementor-widget elementor-widget-heading\" data-id=\"5121283c\" data-element_type=\"widget\" data-widget_type=\"heading.default\">\n\t\t\t\t\t<p class=\"elementor-heading-title elementor-size-default\">Sobre o ebook<\/p>\t\t\t\t<\/div>\n\t\t\t\t<div class=\"elementor-element elementor-element-47a6fddc elementor-widget elementor-widget-heading\" data-id=\"47a6fddc\" data-element_type=\"widget\" data-widget_type=\"heading.default\">\n\t\t\t\t\t<h1 class=\"elementor-heading-title elementor-size-default\">Ebook de educa\u00e7\u00e3o financeira para crian\u00e7as a partir de 5 anos <\/h1>\t\t\t\t<\/div>\n\t\t\t\t<div class=\"elementor-element elementor-element-4714a688 elementor-icon-list--layout-traditional elementor-list-item-link-full_width elementor-widget elementor-widget-icon-list\" data-id=\"4714a688\" data-element_type=\"widget\" data-widget_type=\"icon-list.default\">\n\t\t\t\t\t\t\t<ul class=\"elementor-icon-list-items\">\n\t\t\t\t\t\t\t<li class=\"elementor-icon-list-item\">\n\t\t\t\t\t\t\t\t\t\t\t<span class=\"elementor-icon-list-icon\">\n\t\t\t\t\t\t\t<svg aria-hidden=\"true\" class=\"e-font-icon-svg e-fas-square\" viewBox=\"0 0 448 512\" xmlns=\"http:\/\/www.w3.org\/2000\/svg\"><path d=\"M400 32H48C21.5 32 0 53.5 0 80v352c0 26.5 21.5 48 48 48h352c26.5 0 48-21.5 48-48V80c0-26.5-21.5-48-48-48z\"><\/path><\/svg>\t\t\t\t\t\t<\/span>\n\t\t\t\t\t\t\t\t\t\t<span class=\"elementor-icon-list-text\">A ideia \u00e9 levar conhecimento e direcionamento aos pais sobre como ensinar seus filhos a ter um bom relacionamento com o dinheiro.<\/span>\n\t\t\t\t\t\t\t\t\t<\/li>\n\t\t\t\t\t\t\t\t<li class=\"elementor-icon-list-item\">\n\t\t\t\t\t\t\t\t\t\t\t<span class=\"elementor-icon-list-icon\">\n\t\t\t\t\t\t\t<svg aria-hidden=\"true\" class=\"e-font-icon-svg e-fas-square\" viewBox=\"0 0 448 512\" xmlns=\"http:\/\/www.w3.org\/2000\/svg\"><path d=\"M400 32H48C21.5 32 0 53.5 0 80v352c0 26.5 21.5 48 48 48h352c26.5 0 48-21.5 48-48V80c0-26.5-21.5-48-48-48z\"><\/path><\/svg>\t\t\t\t\t\t<\/span>\n\t\t\t\t\t\t\t\t\t\t<span class=\"elementor-icon-list-text\">Conta tamb\u00e9m com exerc\u00edcios e atividades para aplicar  em fam\u00edlia, passando assim mais leveza e confian\u00e7a no aprendizado.<\/span>\n\t\t\t\t\t\t\t\t\t<\/li>\n\t\t\t\t\t\t<\/ul>\n\t\t\t\t\t\t<\/div>\n\t\t\t\t<div class=\"elementor-element elementor-element-934cb63 elementor-align-justify elementor-widget__width-initial elementor-widget elementor-widget-button\" data-id=\"934cb63\" data-element_type=\"widget\" data-widget_type=\"button.default\">\n\t\t\t\t\t\t\t\t\t\t<a class=\"elementor-button elementor-button-link elementor-size-sm\" href=\"https:\/\/pay.hotmart.com\/A103681980L\">\n\t\t\t\t\t\t<span class=\"elementor-button-content-wrapper\">\n\t\t\t\t\t\t\t\t\t<span class=\"elementor-button-text\">Comprar Ebook<\/span>\n\t\t\t\t\t<\/span>\n\t\t\t\t\t<\/a>\n\t\t\t\t\t\t\t\t<\/div>\n\t\t\t\t<\/div>\n\t\t\t\t<div class=\"elementor-element elementor-element-7be729ad elementor-widget elementor-widget-image\" data-id=\"7be729ad\" data-element_type=\"widget\" data-widget_type=\"image.default\">\n\t\t\t\t\t\t\t\t\t\t\t\t\t\t\t<img decoding=\"async\" width=\"740\" height=\"733\" src=\"https:\/\/meumoney.club\/wp-content\/uploads\/2025\/06\/crianca-meu-primeiro-dim-dim-2.svg\" class=\"attachment-large size-large wp-image-83\" alt=\"\" \/>\t\t\t\t\t\t\t\t\t\t\t\t\t\t\t<\/div>\n\t\t\t\t\t<\/div>\n\t\t\t\t<\/div>\n\t\t<div class=\"elementor-element elementor-element-79986386 e-flex e-con-boxed e-con e-parent\" data-id=\"79986386\" data-element_type=\"container\" data-settings=\"{&quot;background_background&quot;:&quot;classic&quot;}\">\n\t\t\t\t\t<div class=\"e-con-inner\">\n\t\t\t\t<div class=\"elementor-element elementor-element-5cb85106 elementor-widget__width-inherit elementor-widget elementor-widget-heading\" data-id=\"5cb85106\" data-element_type=\"widget\" data-widget_type=\"heading.default\">\n\t\t\t\t\t<p class=\"elementor-heading-title elementor-size-default\">Depoimentos de quem ja comprou<\/p>\t\t\t\t<\/div>\n\t\t<div class=\"elementor-element elementor-element-2c6e7001 e-con-full e-flex e-con e-child\" data-id=\"2c6e7001\" data-element_type=\"container\" data-settings=\"{&quot;background_background&quot;:&quot;classic&quot;}\">\n\t\t\t\t<div class=\"elementor-element elementor-element-327ab6ce elementor-widget__width-initial elementor-widget elementor-widget-image\" data-id=\"327ab6ce\" data-element_type=\"widget\" data-widget_type=\"image.default\">\n\t\t\t\t\t\t\t\t\t\t\t\t\t\t\t<img loading=\"lazy\" decoding=\"async\" width=\"800\" height=\"534\" src=\"https:\/\/meumoney.club\/wp-content\/uploads\/2025\/06\/placeholder-1-1024x683.png\" class=\"attachment-large size-large wp-image-15\" alt=\"\" srcset=\"https:\/\/meumoney.club\/wp-content\/uploads\/2025\/06\/placeholder-1-1024x683.png 1024w, https:\/\/meumoney.club\/wp-content\/uploads\/2025\/06\/placeholder-1-300x200.png 300w, https:\/\/meumoney.club\/wp-content\/uploads\/2025\/06\/placeholder-1-768x512.png 768w, https:\/\/meumoney.club\/wp-content\/uploads\/2025\/06\/placeholder-1.png 1200w\" sizes=\"(max-width: 800px) 100vw, 800px\" \/>\t\t\t\t\t\t\t\t\t\t\t\t\t\t\t<\/div>\n\t\t\t\t<div class=\"elementor-element elementor-element-7ecfcef elementor-widget elementor-widget-heading\" data-id=\"7ecfcef\" data-element_type=\"widget\" data-widget_type=\"heading.default\">\n\t\t\t\t\t<p class=\"elementor-heading-title elementor-size-default\">Everton Morais<\/p>\t\t\t\t<\/div>\n\t\t\t\t<div class=\"elementor-element elementor-element-3049f418 elementor-widget elementor-widget-text-editor\" data-id=\"3049f418\" data-element_type=\"widget\" data-widget_type=\"text-editor.default\">\n\t\t\t\t\t\t\t\t\t<p>\u201cSempre tive dificuldade em explicar dinheiro de forma saud\u00e1vel para minha filha, sem criar medo ou press\u00e3o. O eBook resolveu isso. O conte\u00fado \u00e9 educativo, leve e muito bem estruturado. O plano de 4 semanas facilitou demais a aplica\u00e7\u00e3o no dia a dia. Hoje ela entende de onde o dinheiro vem, por que planejar e at\u00e9 pediu para simular um \u2018mini neg\u00f3cio\u2019. Recomendo para todos os pais.\u201d<\/p>\t\t\t\t\t\t\t\t<\/div>\n\t\t\t\t<\/div>\n\t\t<div class=\"elementor-element elementor-element-008af8a e-con-full e-flex e-con e-child\" data-id=\"008af8a\" data-element_type=\"container\" data-settings=\"{&quot;background_background&quot;:&quot;classic&quot;}\">\n\t\t\t\t<div class=\"elementor-element elementor-element-614532c elementor-widget__width-initial elementor-widget elementor-widget-image\" data-id=\"614532c\" data-element_type=\"widget\" data-widget_type=\"image.default\">\n\t\t\t\t\t\t\t\t\t\t\t\t\t\t\t<img loading=\"lazy\" decoding=\"async\" width=\"800\" height=\"534\" src=\"https:\/\/meumoney.club\/wp-content\/uploads\/2025\/06\/placeholder-1-1024x683.png\" class=\"attachment-large size-large wp-image-15\" alt=\"\" srcset=\"https:\/\/meumoney.club\/wp-content\/uploads\/2025\/06\/placeholder-1-1024x683.png 1024w, https:\/\/meumoney.club\/wp-content\/uploads\/2025\/06\/placeholder-1-300x200.png 300w, https:\/\/meumoney.club\/wp-content\/uploads\/2025\/06\/placeholder-1-768x512.png 768w, https:\/\/meumoney.club\/wp-content\/uploads\/2025\/06\/placeholder-1.png 1200w\" sizes=\"(max-width: 800px) 100vw, 800px\" \/>\t\t\t\t\t\t\t\t\t\t\t\t\t\t\t<\/div>\n\t\t\t\t<div class=\"elementor-element elementor-element-029f82c elementor-widget elementor-widget-heading\" data-id=\"029f82c\" data-element_type=\"widget\" data-widget_type=\"heading.default\">\n\t\t\t\t\t<p class=\"elementor-heading-title elementor-size-default\">Henrique Becegato<\/p>\t\t\t\t<\/div>\n\t\t\t\t<div class=\"elementor-element elementor-element-cd50d75 elementor-widget elementor-widget-text-editor\" data-id=\"cd50d75\" data-element_type=\"widget\" data-widget_type=\"text-editor.default\">\n\t\t\t\t\t\t\t\t\t<p>O Meu Primeiro DimDim foi uma surpresa incr\u00edvel aqui em casa. Meu filho come\u00e7ou a falar naturalmente sobre guardar dinheiro, diferenciar desejo de necessidade e at\u00e9 criou um cofrinho com metas pr\u00f3prias. A linguagem \u00e9 simples, as hist\u00f3rias com o L\u00e9o prendem a aten\u00e7\u00e3o e os exerc\u00edcios tornam tudo muito pr\u00e1tico. Em poucas semanas j\u00e1 vimos mudan\u00e7as reais no comportamento dele.\u201d<\/p>\t\t\t\t\t\t\t\t<\/div>\n\t\t\t\t<\/div>\n\t\t\t\t\t<\/div>\n\t\t\t\t<\/div>\n\t\t<div class=\"elementor-element elementor-element-38753cdf e-flex e-con-boxed e-con e-parent\" data-id=\"38753cdf\" data-element_type=\"container\" data-settings=\"{&quot;background_background&quot;:&quot;classic&quot;}\">\n\t\t\t\t\t<div class=\"e-con-inner\">\n\t\t<div class=\"elementor-element elementor-element-2795eebe e-con-full e-flex e-con e-child\" data-id=\"2795eebe\" data-element_type=\"container\">\n\t\t\t\t<div class=\"elementor-element elementor-element-59d131d4 elementor-widget elementor-widget-heading\" data-id=\"59d131d4\" data-element_type=\"widget\" data-widget_type=\"heading.default\">\n\t\t\t\t\t<p class=\"elementor-heading-title elementor-size-default\">Valor<\/p>\t\t\t\t<\/div>\n\t\t\t\t<div class=\"elementor-element elementor-element-3d9bde87 elementor-widget elementor-widget-heading\" data-id=\"3d9bde87\" data-element_type=\"widget\" data-widget_type=\"heading.default\">\n\t\t\t\t\t<h1 class=\"elementor-heading-title elementor-size-default\">Oferta especial por\ntempo limitado!<\/h1>\t\t\t\t<\/div>\n\t\t\t\t<div class=\"elementor-element elementor-element-215b1194 elementor-widget elementor-widget-text-editor\" data-id=\"215b1194\" data-element_type=\"widget\" data-widget_type=\"text-editor.default\">\n\t\t\t\t\t\t\t\t\t<p>Esse \u00e9 um valor simb\u00f3lico, que ajuda para que o projeto continue impactando ainda mais pessoas.<\/p>\t\t\t\t\t\t\t\t<\/div>\n\t\t\t\t<\/div>\n\t\t<div class=\"elementor-element elementor-element-6db90347 e-con-full e-flex e-con e-child\" data-id=\"6db90347\" data-element_type=\"container\" data-settings=\"{&quot;background_background&quot;:&quot;classic&quot;}\">\n\t\t\t\t<div class=\"elementor-element elementor-element-527c407c elementor-widget elementor-widget-heading\" data-id=\"527c407c\" data-element_type=\"widget\" data-widget_type=\"heading.default\">\n\t\t\t\t\t<h1 class=\"elementor-heading-title elementor-size-default\">R$ 72,80<\/h1>\t\t\t\t<\/div>\n\t\t\t\t<div class=\"elementor-element elementor-element-b61a6d0 elementor-widget elementor-widget-heading\" data-id=\"b61a6d0\" data-element_type=\"widget\" data-widget_type=\"heading.default\">\n\t\t\t\t\t<p class=\"elementor-heading-title elementor-size-default\">Valor promocional<\/p>\t\t\t\t<\/div>\n\t\t\t\t<div class=\"elementor-element elementor-element-3ccffd1 elementor-align-justify elementor-widget__width-initial elementor-widget elementor-widget-button\" data-id=\"3ccffd1\" data-element_type=\"widget\" data-widget_type=\"button.default\">\n\t\t\t\t\t\t\t\t\t\t<a class=\"elementor-button elementor-button-link elementor-size-sm\" href=\"https:\/\/pay.hotmart.com\/A103681980L\">\n\t\t\t\t\t\t<span class=\"elementor-button-content-wrapper\">\n\t\t\t\t\t\t\t\t\t<span class=\"elementor-button-text\">Comprar Ebook<\/span>\n\t\t\t\t\t<\/span>\n\t\t\t\t\t<\/a>\n\t\t\t\t\t\t\t\t<\/div>\n\t\t\t\t<\/div>\n\t\t\t\t\t<\/div>\n\t\t\t\t<\/div>\n\t\t<div class=\"elementor-element elementor-element-329d99a4 e-flex e-con-boxed e-con e-parent\" data-id=\"329d99a4\" data-element_type=\"container\" data-settings=\"{&quot;background_background&quot;:&quot;classic&quot;}\">\n\t\t\t\t\t<div class=\"e-con-inner\">\n\t\t\t\t<div class=\"elementor-element elementor-element-4bc71317 elementor-widget elementor-widget-image\" data-id=\"4bc71317\" data-element_type=\"widget\" data-widget_type=\"image.default\">\n\t\t\t\t\t\t\t\t\t\t\t\t\t\t\t<img loading=\"lazy\" decoding=\"async\" width=\"255\" height=\"53\" src=\"https:\/\/meumoney.club\/wp-content\/uploads\/2025\/06\/logo-icon-meu-money.svg\" class=\"attachment-large size-large wp-image-16\" alt=\"\" \/>\t\t\t\t\t\t\t\t\t\t\t\t\t\t\t<\/div>\n\t\t\t\t<div class=\"elementor-element elementor-element-2d68d83c elementor-shape-circle elementor-grid-0 e-grid-align-center elementor-widget elementor-widget-social-icons\" data-id=\"2d68d83c\" data-element_type=\"widget\" data-widget_type=\"social-icons.default\">\n\t\t\t\t\t\t\t<div class=\"elementor-social-icons-wrapper elementor-grid\" role=\"list\">\n\t\t\t\t\t\t\t<span class=\"elementor-grid-item\" role=\"listitem\">\n\t\t\t\t\t<a class=\"elementor-icon elementor-social-icon elementor-social-icon-linkedin-in elementor-repeater-item-786a0ef\" href=\"#\" target=\"_blank\">\n\t\t\t\t\t\t<span class=\"elementor-screen-only\">Linkedin-in<\/span>\n\t\t\t\t\t\t<svg aria-hidden=\"true\" class=\"e-font-icon-svg e-fab-linkedin-in\" viewBox=\"0 0 448 512\" xmlns=\"http:\/\/www.w3.org\/2000\/svg\"><path d=\"M100.28 448H7.4V148.9h92.88zM53.79 108.1C24.09 108.1 0 83.5 0 53.8a53.79 53.79 0 0 1 107.58 0c0 29.7-24.1 54.3-53.79 54.3zM447.9 448h-92.68V302.4c0-34.7-.7-79.2-48.29-79.2-48.29 0-55.69 37.7-55.69 76.7V448h-92.78V148.9h89.08v40.8h1.3c12.4-23.5 42.69-48.3 87.88-48.3 94 0 111.28 61.9 111.28 142.3V448z\"><\/path><\/svg>\t\t\t\t\t<\/a>\n\t\t\t\t<\/span>\n\t\t\t\t\t\t\t<span class=\"elementor-grid-item\" role=\"listitem\">\n\t\t\t\t\t<a class=\"elementor-icon elementor-social-icon elementor-social-icon-instagram elementor-repeater-item-6d9556f\" href=\"#\" target=\"_blank\">\n\t\t\t\t\t\t<span class=\"elementor-screen-only\">Instagram<\/span>\n\t\t\t\t\t\t<svg aria-hidden=\"true\" class=\"e-font-icon-svg e-fab-instagram\" viewBox=\"0 0 448 512\" xmlns=\"http:\/\/www.w3.org\/2000\/svg\"><path d=\"M224.1 141c-63.6 0-114.9 51.3-114.9 114.9s51.3 114.9 114.9 114.9S339 319.5 339 255.9 287.7 141 224.1 141zm0 189.6c-41.1 0-74.7-33.5-74.7-74.7s33.5-74.7 74.7-74.7 74.7 33.5 74.7 74.7-33.6 74.7-74.7 74.7zm146.4-194.3c0 14.9-12 26.8-26.8 26.8-14.9 0-26.8-12-26.8-26.8s12-26.8 26.8-26.8 26.8 12 26.8 26.8zm76.1 27.2c-1.7-35.9-9.9-67.7-36.2-93.9-26.2-26.2-58-34.4-93.9-36.2-37-2.1-147.9-2.1-184.9 0-35.8 1.7-67.6 9.9-93.9 36.1s-34.4 58-36.2 93.9c-2.1 37-2.1 147.9 0 184.9 1.7 35.9 9.9 67.7 36.2 93.9s58 34.4 93.9 36.2c37 2.1 147.9 2.1 184.9 0 35.9-1.7 67.7-9.9 93.9-36.2 26.2-26.2 34.4-58 36.2-93.9 2.1-37 2.1-147.8 0-184.8zM398.8 388c-7.8 19.6-22.9 34.7-42.6 42.6-29.5 11.7-99.5 9-132.1 9s-102.7 2.6-132.1-9c-19.6-7.8-34.7-22.9-42.6-42.6-11.7-29.5-9-99.5-9-132.1s-2.6-102.7 9-132.1c7.8-19.6 22.9-34.7 42.6-42.6 29.5-11.7 99.5-9 132.1-9s102.7-2.6 132.1 9c19.6 7.8 34.7 22.9 42.6 42.6 11.7 29.5 9 99.5 9 132.1s2.7 102.7-9 132.1z\"><\/path><\/svg>\t\t\t\t\t<\/a>\n\t\t\t\t<\/span>\n\t\t\t\t\t\t\t<span class=\"elementor-grid-item\" role=\"listitem\">\n\t\t\t\t\t<a class=\"elementor-icon elementor-social-icon elementor-social-icon-facebook-f elementor-repeater-item-6d8fa78\" href=\"#\" target=\"_blank\">\n\t\t\t\t\t\t<span class=\"elementor-screen-only\">Facebook-f<\/span>\n\t\t\t\t\t\t<svg aria-hidden=\"true\" class=\"e-font-icon-svg e-fab-facebook-f\" viewBox=\"0 0 320 512\" xmlns=\"http:\/\/www.w3.org\/2000\/svg\"><path d=\"M279.14 288l14.22-92.66h-88.91v-60.13c0-25.35 12.42-50.06 52.24-50.06h40.42V6.26S260.43 0 225.36 0c-73.22 0-121.08 44.38-121.08 124.72v70.62H22.89V288h81.39v224h100.17V288z\"><\/path><\/svg>\t\t\t\t\t<\/a>\n\t\t\t\t<\/span>\n\t\t\t\t\t<\/div>\n\t\t\t\t\t\t<\/div>\n\t\t\t\t\t<\/div>\n\t\t\t\t<\/div>\n\t\t<div class=\"elementor-element elementor-element-4ec60e9 e-flex e-con-boxed e-con e-parent\" data-id=\"4ec60e9\" data-element_type=\"container\" data-settings=\"{&quot;background_background&quot;:&quot;classic&quot;}\">\n\t\t\t\t\t<div class=\"e-con-inner\">\n\t\t\t\t<div class=\"elementor-element elementor-element-41e4e3ee elementor-widget elementor-widget-text-editor\" data-id=\"41e4e3ee\" data-element_type=\"widget\" data-widget_type=\"text-editor.default\">\n\t\t\t\t\t\t\t\t\t<p>ViewsDesign \u00a9 2025 Todos os direitos reservados.<\/p>\t\t\t\t\t\t\t\t<\/div>\n\t\t\t\t\t<\/div>\n\t\t\t\t<\/div>\n\t\t\t\t<\/div>\n\t\t","protected":false},"excerpt":{"rendered":"<p>Comprar Ebook Bem vindos ao meu money Ensine seus filhos sobre dinheiro em poucas semanas Nosso ebook tem como objetivo apresentar conceitos essenciais de forma l\u00fadica e acess\u00edvel, para que as crian\u00e7as possam entender a import\u00e2ncia do dinheiro e como administr\u00e1-lo. Comprar Ebook Entender sobre dinheiro pode mudar totalmente o futuro financeiro das nossas crian\u00e7as. [&hellip;]<\/p>\n","protected":false},"author":1,"featured_media":0,"parent":0,"menu_order":0,"comment_status":"closed","ping_status":"closed","template":"elementor_canvas","meta":{"footnotes":""},"class_list":["post-19","page","type-page","status-publish","hentry"],"_links":{"self":[{"href":"https:\/\/meumoney.club\/index.php?rest_route=\/wp\/v2\/pages\/19","targetHints":{"allow":["GET"]}}],"collection":[{"href":"https:\/\/meumoney.club\/index.php?rest_route=\/wp\/v2\/pages"}],"about":[{"href":"https:\/\/meumoney.club\/index.php?rest_route=\/wp\/v2\/types\/page"}],"author":[{"embeddable":true,"href":"https:\/\/meumoney.club\/index.php?rest_route=\/wp\/v2\/users\/1"}],"replies":[{"embeddable":true,"href":"https:\/\/meumoney.club\/index.php?rest_route=%2Fwp%2Fv2%2Fcomments&post=19"}],"version-history":[{"count":67,"href":"https:\/\/meumoney.club\/index.php?rest_route=\/wp\/v2\/pages\/19\/revisions"}],"predecessor-version":[{"id":136,"href":"https:\/\/meumoney.club\/index.php?rest_route=\/wp\/v2\/pages\/19\/revisions\/136"}],"wp:attachment":[{"href":"https:\/\/meumoney.club\/index.php?rest_route=%2Fwp%2Fv2%2Fmedia&parent=19"}],"curies":[{"name":"wp","href":"https:\/\/api.w.org\/{rel}","templated":true}]}}